{"id":2763,"date":"2019-11-25T21:23:12","date_gmt":"2019-11-25T21:23:12","guid":{"rendered":"https:\/\/aquazure.fr\/?page_id=2763"},"modified":"2019-11-28T15:14:51","modified_gmt":"2019-11-28T15:14:51","slug":"mentions-legales","status":"publish","type":"page","link":"https:\/\/aquazure.fr\/ru\/mentions-legales\/","title":{"rendered":"Mentions l\u00e9gales"},"content":{"rendered":"\n<p>\n<strong>Editeur\ndu site<\/strong><\/p>\n\n\n\n<p>www.aquazure.fr<\/p>\n\n\n\n<p>Par\nSAS AQUAZURE \n<\/p>\n\n\n\n<p>Le\nPort, 06320 Cap d\u2019Ail, \n<\/p>\n\n\n\n<p>T\u00e9l.\n:&nbsp;+ 33 (0)6 24 40 61 27 \n<\/p>\n\n\n\n<p><br>\nAquazure\nest une SAS au capital de 500\u20ac<\/p>\n\n\n\n<p>RCS\nNice 843&nbsp;760&nbsp;349 &#8211; Siret : 84376034900012 &#8211; APE : 4618Z<\/p>\n\n\n\n<p>N\u00b0\nTVA intercommunautaire&nbsp;: FR02 843760349<\/p>\n\n\n\n<p>\n<strong>Conditions\nd&#8217;utilisation<\/strong><\/p>\n\n\n\n<p>\nLe\nsite accessible par les url suivants : <a href=\"http:\/\/www.aquazure.fr\/\">www.aquazure.fr<\/a>\n est exploit\u00e9 dans le respect de la l\u00e9gislation fran\u00e7aise.\nL&#8217;utilisation de ce site est r\u00e9gie par les pr\u00e9sentes conditions\ng\u00e9n\u00e9rales. En utilisant le site, vous reconnaissez avoir pris\nconnaissance de ces conditions et les avoir accept\u00e9es. Celles-ci\npourront \u00eatres modifi\u00e9es \u00e0 tout moment et sans pr\u00e9avis par la\nsoci\u00e9t\u00e9 Aquazure.<br>\nAquazure ne saurait \u00eatre tenu pour\nresponsable en aucune mani\u00e8re d\u2019une mauvaise utilisation du\nservice.<\/p>\n\n\n\n<p>\n<strong>Responsable\n\u00e9ditorial<\/strong><\/p>\n\n\n\n<p>Oksana\nMakovetska<\/p>\n\n\n\n<p>T\u00e9l.\n:&nbsp;+ 33 (0) 50&nbsp;280 52 01 \n<\/p>\n\n\n\n<p>\n<strong>Limitation\nde responsabilit\u00e9<\/strong><\/p>\n\n\n\n<p>\nLes\ninformations contenues sur ce site sont aussi pr\u00e9cises que possibles\net le site est p\u00e9riodiquement remis \u00e0 jour, mais peut toutefois\ncontenir des inexactitudes, des omissions ou des lacunes. Si vous\nconstatez une lacune, erreur ou ce qui parait \u00eatre un\ndysfonctionnement, merci de bien vouloir le signaler par email en\nd\u00e9crivant le probl\u00e8me de la mani\u00e8re la plus pr\u00e9cise possible\n(page posant probl\u00e8me, action d\u00e9clenchante, type d\u2019ordinateur et\nde navigateur utilis\u00e9).<\/p>\n\n\n\n<p>\n<br>\nTout\ncontenu t\u00e9l\u00e9charg\u00e9 se fait aux risques et p\u00e9rils de l&#8217;utilisateur\net sous sa seule responsabilit\u00e9. En cons\u00e9quence, Aquazure ne\nsaurait \u00eatre tenu responsable d&#8217;un quelconque dommage subi par\nl&#8217;ordinateur de l&#8217;utilisateur ou d&#8217;une quelconque perte de donn\u00e9es\ncons\u00e9cutives au t\u00e9l\u00e9chargement. \n<\/p>\n\n\n\n<p>\n<br>\nLes\nphotos sont non contractuelles.<\/p>\n\n\n\n<p>\nLes\nliens hypertextes mis en place dans le cadre du pr\u00e9sent site\ninternet en direction d&#8217;autres ressources pr\u00e9sentes sur le r\u00e9seau\nInternet ne sauraient engager la responsabilit\u00e9 de Aquazure.<\/p>\n\n\n\n<p>\n<strong>Litiges<\/strong><\/p>\n\n\n\n<p>\nLes\npr\u00e9sentes conditions sont r\u00e9gies par les lois fran\u00e7aises et toute\ncontestation ou litiges qui pourraient na\u00eetre de l&#8217;interpr\u00e9tation\nou de l&#8217;ex\u00e9cution de celles-ci seront de la comp\u00e9tence exclusive\ndes tribunaux dont d\u00e9pend le si\u00e8ge social de la soci\u00e9t\u00e9 Aquazure.\nLa langue de r\u00e9f\u00e9rence, pour le r\u00e8glement de contentieux\n\u00e9ventuels, est le fran\u00e7ais.<\/p>\n\n\n\n<p>\n<strong>D\u00e9claration\n\u00e0 la CNIL<\/strong><\/p>\n\n\n\n<p>\nConform\u00e9ment\n\u00e0 la loi 78-17 du 6 janvier 1978 (modifi\u00e9e par la loi 2004-801 du 6\nao\u00fbt 2004 relative \u00e0 la protection des personnes physiques \u00e0\nl&#8217;\u00e9gard des traitements de donn\u00e9es \u00e0 caract\u00e8re personnel)\nrelative \u00e0 l&#8217;informatique, aux fichiers et aux libert\u00e9s, le site a\nfait l&#8217;objet d&#8217;une d\u00e9claration aupr\u00e8s de la Commission nationale de\nl&#8217;informatique et des libert\u00e9s (<a href=\"http:\/\/www.cnil.fr\/\" target=\"_blank\" rel=\"noreferrer noopener\">www.cnil.fr<\/a>).&nbsp;<\/p>\n\n\n\n<p>\n<strong>Droit\nd&#8217;acc\u00e8s<\/strong><\/p>\n\n\n\n<p>\nEn\napplication de cette loi, les internautes disposent d\u2019un droit\nd\u2019acc\u00e8s, de rectification, de modification et de suppression\nconcernant les donn\u00e9es qui les concernent personnellement. Ce droit\npeut \u00eatre exerc\u00e9 par voie postale aupr\u00e8s de SAS AQUAZURE, Le Port,\n06320 Cap d\u2019Ail, ou par voie \u00e9lectronique \u00e0 l\u2019adresse email\nsuivante : <a href=\"mailto:info@aquazure.fr\">info@aquazure.fr<\/a>\n \n<\/p>\n\n\n\n<p>\n<br>\nLes\ninformations personnelles collect\u00e9es ne sont en aucun cas confi\u00e9es\n\u00e0 des tiers hormis pour l\u2019\u00e9ventuelle bonne ex\u00e9cution de la\nprestation command\u00e9e par l\u2019internaute.<\/p>\n\n\n\n<p>\n<strong>Confidentialit\u00e9<\/strong><\/p>\n\n\n\n<p>\nVos\ndonn\u00e9es personnelles sont confidentielles et ne seront en aucun cas\ncommuniqu\u00e9es \u00e0 des tiers hormis pour la bonne ex\u00e9cution de la\nprestation.<\/p>\n\n\n\n<p>\nPropri\u00e9t\u00e9\nintellectuelle<\/p>\n\n\n\n<p>\nTout\nle contenu du pr\u00e9sent site, incluant, de fa\u00e7on non limitative, les\ngraphismes, images, textes, vid\u00e9os, animations, sons, logos, gifs et\nic\u00f4nes ainsi que leur mise en forme sont la propri\u00e9t\u00e9 exclusive de\nla soci\u00e9t\u00e9 Aquazure \u00e0 l&#8217;exception des marques, logos ou contenus\nappartenant \u00e0 d&#8217;autres soci\u00e9t\u00e9s partenaires ou auteurs.<\/p>\n\n\n\n<p>\n<br>\nToute\nreproduction, distribution, modification, adaptation, retransmission\nou publication, m\u00eame partielle, de ces diff\u00e9rents \u00e9l\u00e9ments est\nstrictement interdite sans l&#8217;accord expr\u00e8s par \u00e9crit de Aquazure.\nCette repr\u00e9sentation ou reproduction, par quelque proc\u00e9d\u00e9 que ce\nsoit, constitue une contrefa\u00e7on sanctionn\u00e9e par les articles\nL.3335-2 et suivants du Code de la propri\u00e9t\u00e9 intellectuelle. Le\nnon-respect de cette interdiction constitue une contrefa\u00e7on pouvant\nengager la responsabilit\u00e9 civile et p\u00e9nale du contrefacteur. En\noutre, les propri\u00e9taires des Contenus copi\u00e9s pourraient intenter\nune action en justice \u00e0 votre encontre.<\/p>\n\n\n\n<p>\n<br>\nAquazure\nest identiquement propri\u00e9taire des &#8220;droits des producteurs de\nbases de donn\u00e9es&#8221; vis\u00e9s au Livre III, Titre IV, du Code de la\nPropri\u00e9t\u00e9 Intellectuelle (loi n\u00b0 98-536 du 1er juillet 1998)\nrelative aux droits d&#8217;auteur et aux bases de donn\u00e9es.<\/p>\n\n\n\n<p>\n<br>\nLes\nutilisateurs et visiteurs du site internet peuvent mettre en place un\nhyperlien en direction de ce site, mais uniquement en direction de la\npage d\u2019accueil, accessible \u00e0 l\u2019URL suivante :<a href=\"http:\/\/www.aquazure.fr\/\">www.aquazure.fr<\/a>\n, \u00e0 condition que ce lien s\u2019ouvre dans une nouvelle fen\u00eatre. En\nparticulier un lien vers une sous page (\u00ab lien profond \u00bb) est\ninterdit, ainsi que l\u2019ouverture du pr\u00e9sent site au sein d\u2019un\ncadre (\u00ab framing \u00bb), sauf l&#8217;autorisation expresse et pr\u00e9alable de\nAquazure.<\/p>\n\n\n\n<p>\n<br>\nPour\ntoute demande d&#8217;autorisation ou d&#8217;information, veuillez nous\ncontacter par email:&nbsp;<a href=\"mailto:info@aquazure.fr\">info@aquazure.fr<\/a>\n \n<\/p>\n\n\n\n<p>\nDes\nconditions sp\u00e9cifiques sont pr\u00e9vues pour la presse.<\/p>\n\n\n\n<p>\nPar\nailleurs, la mise en forme de ce site a n\u00e9cessit\u00e9 le recours \u00e0 des\nsources externes dont nous avons acquis les droits ou dont les droits\nd&#8217;utilisation sont ouverts : WordPress,&nbsp;Designed by aquazure.fr.\nLes illustrations ont \u00e9t\u00e9 acquises sur \n<\/p>\n\n\n\n<figure class=\"wp-block-embed\"><div class=\"wp-block-embed__wrapper\">\nhttps:\/\/www.bluewateryachting.com\n<\/div><\/figure>\n\n\n\n<p>\n<a href=\"https:\/\/bristow-holmes.com\/\">https:\/\/bristow-holmes.com\/<\/a>\n.&nbsp;<\/p>\n\n\n\n<p>\n<strong>H\u00e9bergeur<\/strong><\/p>\n\n\n\n<p>\nHetzner\nFinland Oy<\/p>\n\n\n\n<p>\nHuurrekuja\n10<\/p>\n\n\n\n<p>\n04360\nTuusula, Finnland<\/p>\n\n\n\n<p>\nTel.:\n+358 (0)20 787 0390<\/p>\n\n\n\n<p>\nE-Mail:\n<a href=\"mailto:info@hetzner.com\">info@hetzner.com<\/a><\/p>\n\n\n\n<p>\n<strong>Conditions\nde service<\/strong><\/p>\n\n\n\n<p>\nCe\nsite est propos\u00e9 en langages&nbsp;HTML5&nbsp;et&nbsp;CSS3, pour un\nmeilleur confort d&#8217;utilisation et un graphisme plus agr\u00e9able, nous\nvous recommandons de recourir \u00e0 des navigateurs modernes comme\nSafari, Firefox, Chrome,&#8230;<\/p>\n\n\n\n<p>\n<strong>Informations\net exclusion<\/strong><\/p>\n\n\n\n<p>\nAquazure\nmet en \u0153uvre tous les moyens dont elle dispose, pour assurer une\ninformation fiable et une mise \u00e0 jour fiable de ses sites internet.\nToutefois, des erreurs ou omissions peuvent survenir. L&#8217;internaute\ndevra donc s&#8217;assurer de l&#8217;exactitude des informations aupr\u00e8s de\nAquazure, et signaler toutes modifications du site qu&#8217;il jugerait\nutile. Aquazure n&#8217;est en aucun cas responsable de l&#8217;utilisation faite\nde ces informations, et de tout pr\u00e9judice direct ou indirect pouvant\nen d\u00e9couler.<\/p>\n\n\n\n<p>\n<strong>Cookies<\/strong><\/p>\n\n\n\n<p>\nPour\ndes besoins de statistiques et d&#8217;affichage, le pr\u00e9sent site utilise\ndes cookies. Il s&#8217;agit de petits fichiers textes stock\u00e9s sur votre\ndisque dur afin d&#8217;enregistrer des donn\u00e9es techniques sur votre\nnavigation. Certaines parties de ce site ne peuvent \u00eatre\nfonctionnelle sans l\u2019acceptation de cookies.<\/p>\n\n\n\n<p>\n<strong>Liens\nhypertextes<\/strong><\/p>\n\n\n\n<p>\nLes\nsites internet de Aquazure peuvent offrir des liens vers d\u2019autres\nsites internet ou d\u2019autres ressources disponibles sur Internet.<\/p>\n\n\n\n<p>\n<br>\nAquazure\nne dispose d&#8217;aucun moyen pour contr\u00f4ler les sites en connexion avec\nses sites internet Aquazure ne r\u00e9pond pas de la disponibilit\u00e9 de\ntels sites et sources externes, ni ne la garantit. Elle ne peut \u00eatre\ntenue pour responsable de tout dommage, de quelque nature que ce\nsoit, r\u00e9sultant du contenu de ces sites ou sources externes, et\nnotamment des informations, produits ou services qu\u2019ils proposent,\nou de tout usage qui peut \u00eatre fait de ces \u00e9l\u00e9ments. Les risques\nli\u00e9s \u00e0 cette utilisation incombent pleinement \u00e0 l&#8217;internaute, qui\ndoit se conformer \u00e0 leurs conditions d&#8217;utilisation.<br>\n<br>\nLes\nutilisateurs, les abonn\u00e9s et les visiteurs des sites internet de\nAquazure ne peuvent mettre en place un hyperlien en direction de ce\nsite sans l&#8217;autorisation expresse et pr\u00e9alable de Aquazure.<br>\n<br>\nDans\nl&#8217;hypoth\u00e8se o\u00f9 un utilisateur ou visiteur souhaiterait mettre en\nplace un hyperlien en direction d\u2019un des sites internet de\nAquazure, il lui appartiendra d&#8217;adresser un email accessible sur le\nsite afin de formuler sa demande de mise en place d&#8217;un hyperlien.\nAquazure se r\u00e9serve le droit d\u2019accepter ou de refuser un hyperlien\nsans avoir \u00e0 en justifier sa d\u00e9cision.<\/p>\n\n\n\n<p>\nRecherche<\/p>\n\n\n\n<p>\nEn\noutre, le renvoi sur un site internet pour compl\u00e9ter une information\nrecherch\u00e9e ne signifie en aucune fa\u00e7on que Aquazure reconna\u00eet ou\naccepte quelque responsabilit\u00e9 quant \u00e0 la teneur ou \u00e0\nl&#8217;utilisation dudit site.<\/p>\n\n\n\n<p>\n<strong>Pr\u00e9cautions\nd&#8217;usage<\/strong><\/p>\n\n\n\n<p>\nIl\nvous incombe par cons\u00e9quent de prendre les pr\u00e9cautions d&#8217;usage\nn\u00e9cessaires pour vous assurer que ce que vous choisissez d&#8217;utiliser\nne soit pas entach\u00e9 d&#8217;erreurs voire d&#8217;\u00e9l\u00e9ments de nature\ndestructrice tels que virus, trojans, etc&#8230;.<\/p>\n\n\n\n<p>\n<strong>Responsabilit\u00e9<\/strong><\/p>\n\n\n\n<p>\nAucune\nautre garantie n&#8217;est accord\u00e9e au client, auquel incombe l&#8217;obligation\nde formuler clairement ses besoins et le devoir de s&#8217;informer. Si des\ninformations fournies par Aquazure apparaissent inexactes, il\nappartiendra au client de proc\u00e9der lui-m\u00eame \u00e0 toutes v\u00e9rifications\nde la coh\u00e9rence ou de la vraisemblance des r\u00e9sultats obtenus.\nAquazure ne sera en aucune fa\u00e7on responsable vis \u00e0 vis des tiers de\nl&#8217;utilisation par le client des informations ou de leur absence\ncontenues dans ses produits y compris un de ses sites Internet.<a href=\"https:\/\/www.site-internet-qualite.fr\/\">&nbsp;<\/a>&nbsp;<a href=\"http:\/\/www.natural-net.fr\/\">&nbsp;<\/a><\/p>\n\n\n\n<p>\n<strong>Contactez-nous<\/strong><\/p>\n\n\n\n<p>\nAquazure\nest \u00e0 votre disposition pour tous vos commentaires ou suggestions.\nVous pouvez nous \u00e9crire en fran\u00e7ais par courrier \u00e9lectronique \u00e0 :\n<a href=\"mailto:info@aquazure.fr\">info@aquazure.fr<\/a>&nbsp;<\/p>\n\n\n\n<p>\n<strong>Mentions\nrelatives \u00e0 l&#8217;utilisation de donn\u00e9es personnelles<\/strong><\/p>\n\n\n\n<p>\nObjet\ndu traitement (finalit\u00e9 et base l\u00e9gale)<\/p>\n\n\n\n<p>\nLe\nsite de la soci\u00e9t\u00e9 Aquazure\ndont le si\u00e8ge est situ\u00e9 au\nPort, 06320 Cap d\u2019Ail\npermet de recevoir les commandes de nos clients et les donn\u00e9es\ncollect\u00e9es \u00e0 cette occasion sont enregistr\u00e9es et trait\u00e9es dans un\nfichier clients.<\/p>\n\n\n\n<p>\nCe\nfichier permet de&nbsp;:<\/p>\n\n\n\n<ul><li>\n\n\tG\u00e9rer\n\tles commandes, le paiement et la livraison.\n\t<\/li><li>\n\n\tMener\n\tdes op\u00e9rations de marketing (fid\u00e9lisation, promotions) et adresser\n\tdes publicit\u00e9s par courriel aupr\u00e8s de nos clients qui ne s\u2019y\n\tsont pas oppos\u00e9s ou qui l\u2019ont accept\u00e9&nbsp;:\n\t<ul><li>\n\n\t\tSur\n\t\tdes produits analogues \u00e0 ceux qu\u2019ils ont command\u00e9s.\n\t\t<\/li><li>\n\n\t\tSur\n\t\td\u2019autres produits propos\u00e9s par la soci\u00e9t\u00e9. \n\t\t\n\t<\/li><\/ul>\n\t<\/li><li>\n\n\tTransmettre\n\tles donn\u00e9es de nos clients qui l\u2019ont accept\u00e9 \u00e0 nos partenaires\n\tcommerciaux, pour leur permettre de leur adresser de la publicit\u00e9\n\t(cf. ci-dessous).\n<\/li><\/ul>\n\n\n\n<p>\nBases\nl\u00e9gales des traitements<\/p>\n\n\n\n<ul><li>\n\n\tGestion\n\tdes commandes&nbsp;: la base l\u00e9gale du traitement est l\u2019ex\u00e9cution\n\td\u2019un contrat (Cf. article 6.1.b) du R\u00e8glement europ\u00e9en sur la\n\tprotection des donn\u00e9es).\n\t<\/li><li>\n\n\tEnvoi\n\tde sollicitations commerciales par courriel sur des produits\n\tanalogues \u00e0 ceux command\u00e9s par les clients&nbsp;: la base l\u00e9gale\n\tdu traitement est l\u2019int\u00e9r\u00eat l\u00e9gitime de la soci\u00e9t\u00e9 (Cf.\n\tarticle 6.1.f) du R\u00e8glement europ\u00e9en sur la protection des\n\tdonn\u00e9es), \u00e0 savoir promouvoir nos produits aupr\u00e8s de nos clients.\n\t<\/li><li>\n\n\tEnvoi\n\tde sollicitations commerciales par courriel sur d\u2019autres produits\n\tpropos\u00e9s par la soci\u00e9t\u00e9 Aquazure&nbsp;:\n\tla base l\u00e9gale du traitement est le consentement (Cf. article\n\t6.1.a) du R\u00e8glement europ\u00e9en sur la protection des donn\u00e9es),\n\tcomme l\u2019exige l\u2019article L. 34-5 du code des postes et des\n\tcommunications \u00e9lectroniques.\n\t<\/li><li>\n\n\tTransmission\n\tde l\u2019adresse \u00e9lectronique aux partenaires commerciaux : la base\n\tl\u00e9gale du traitement est le consentement (Cf. article 6.1.a) du\n\tR\u00e8glement europ\u00e9en sur la protection des donn\u00e9es), comme l\u2019exige\n\tl\u2019article L. 34-5 du code des postes et des communications\n\t\u00e9lectroniques.\n<\/li><\/ul>\n\n\n\n<p>\nCat\u00e9gories\nde donn\u00e9es<\/p>\n\n\n\n<ul><li>\n\n\tIdentit\u00e9&nbsp;:\n\tcivilit\u00e9, nom, pr\u00e9nom, adresse, adresse de livraison, num\u00e9ro de\n\tt\u00e9l\u00e9phone, adresse \u00e9lectronique, date de naissance, code interne\n\tde traitement permettant l&#8217;identification du client, donn\u00e9es\n\trelatives \u00e0 l\u2019enregistrement sur des listes d\u2019opposition.\n\t<\/li><li>\n\n\tDonn\u00e9es\n\trelatives aux commandes&nbsp;: num\u00e9ro de la transaction, d\u00e9tail\n\tdes achats, montant des achats, donn\u00e9es relatives au r\u00e8glement des\n\tfactures (r\u00e8glements, impay\u00e9s, remises), retour de produits.\n\t<\/li><li>\n\n\tDonn\u00e9es\n\trelatives aux moyens de paiement : num\u00e9ro de carte bancaire, date\n\tde fin de validit\u00e9 de la carte bancaire, cryptogramme visuel\n\t(lequel est imm\u00e9diatement effac\u00e9).\n\t<\/li><li>\n\n\tDonn\u00e9es\n\tn\u00e9cessaires \u00e0 la r\u00e9alisation des actions de fid\u00e9lisation et de\n\tprospection&nbsp;: historique des achats.\n<\/li><\/ul>\n\n\n\n<p>\nDestinataires\ndes donn\u00e9es<\/p>\n\n\n\n<ul><li>\n\n\tLes\n\tservices clients et facturation de la soci\u00e9t\u00e9 Aquazure\n\tsont destinataires de l\u2019ensemble des cat\u00e9gories de donn\u00e9es.\n\t<\/li><li>\n\n\tSes\n\tsous-traitants, charg\u00e9s de la livraison de ses commandes, sont\n\tdestinataires de l\u2019identit\u00e9, de l\u2019adresse et du num\u00e9ro de\n\tt\u00e9l\u00e9phone de nos clients.\n\t<\/li><li>\n\n\tLes\n\tadresses \u00e9lectroniques des clients qui l\u2019ont accept\u00e9 sont mises\n\t\u00e0 disposition de nos partenaires commerciaux&nbsp;(liste des\n\tpartenaires commerciaux, r\u00e9guli\u00e8rement mise \u00e0 jour).\n<\/li><\/ul>\n\n\n\n<p>\nDur\u00e9e\nde conservation des donn\u00e9es<\/p>\n\n\n\n<ul><li>\n\n\tDonn\u00e9es\n\tn\u00e9cessaires \u00e0 la gestion des commandes et \u00e0 la facturation :\n\tpendant toute la dur\u00e9e de la relation commerciale et dix (10) ans\n\tau titre des obligations comptables.\n\t<\/li><li>\n\n\tDonn\u00e9es\n\tn\u00e9cessaires \u00e0 la r\u00e9alisation des actions de fid\u00e9lisation et \u00e0\n\tla prospection&nbsp;: pendant toute la dur\u00e9e de la relation\n\tcommerciale et trois (3) ans \u00e0 compter du dernier achat.\n\t<\/li><li>\n\n\tDonn\u00e9es\n\trelatives aux moyens de paiement : ces donn\u00e9es ne sont pas\n\tconserv\u00e9es par la soci\u00e9t\u00e9 Aquazure&nbsp;;\n\telles sont collect\u00e9es lors de la transaction et sont imm\u00e9diatement\n\tsupprim\u00e9es d\u00e8s le r\u00e8glement de l\u2019achat.\n\t<\/li><li>\n\n\tDonn\u00e9es\n\tconcernant les listes d&#8217;opposition \u00e0 recevoir de la\n\tprospection<strong>&nbsp;:<\/strong>&nbsp;trois\n\t(3) ans.\n<\/li><\/ul>\n\n\n\n<p>\nVos\ndroits<\/p>\n\n\n\n<p>\nSi\nvous ne souhaitez plus recevoir de publicit\u00e9 de la part de la\nsoci\u00e9t\u00e9 Aquazure\n(exercice du droit d\u2019opposition ou retrait d\u2019un consentement d\u00e9j\u00e0\ndonn\u00e9),&nbsp;<strong>contactez-nous<\/strong><em>.<\/em><\/p>\n\n\n\n<p>\nSi,\napr\u00e8s avoir consenti \u00e0 ce que vos donn\u00e9es soient transmises \u00e0 nos\npartenaires commerciaux, vous souhaitez revenir sur ce choix et ne\nplus recevoir publicit\u00e9 de leur part,&nbsp;<strong>contactez-nous<\/strong><em>.<\/em><\/p>\n\n\n\n<p>\nVous\npouvez acc\u00e9der aux donn\u00e9es vous concernant, les rectifier ou les\nfaire effacer. Vous disposez \u00e9galement d&#8217;un droit \u00e0 la portabilit\u00e9\net d\u2019un droit \u00e0 la limitation du traitement de vos donn\u00e9es\n(Consultez le site&nbsp;cnil.fr pour plus d\u2019informations sur vos\ndroits).<\/p>\n\n\n\n<p>\nPour\nexercer ces droits ou pour toute question sur le traitement de vos\ndonn\u00e9es dans ce dispositif, vous pouvez contacter notre DPO.<\/p>\n\n\n\n<p>\nContacter\nnotre DPO par voie \u00e9lectronique : <a href=\"mailto:info@aquazure.fr\">info@aquazure.fr<\/a>\n\n<\/p>\n\n\n\n<ul><li>\n\n\tContacter\n\tnotre DPO par courrier postal : Le d\u00e9l\u00e9gu\u00e9 \u00e0 la protection des\n\tdonn\u00e9es\n<\/li><\/ul>\n\n\n\n<p>\nSAS\nAQUAZURE \n<\/p>\n\n\n\n<p>\nLe\nPort, 06320 Cap d\u2019Ail, \n<\/p>\n\n\n\n<p>\nSi\nvous estimez, apr\u00e8s avoir contact\u00e9 la soci\u00e9t\u00e9 Aquazure, que vos\ndroits \u00ab&nbsp;Informatique et Libert\u00e9s&nbsp;\u00bb ne sont pas\nrespect\u00e9s, vous pouvez adresser une r\u00e9clamation en ligne \u00e0 la\nCNIL.<\/p>\n\n\n\n<p><\/p>\n","protected":false},"excerpt":{"rendered":"<p>Editeur du site www.aquazure.fr Par SAS AQUAZURE Le Port, 06320 Cap d\u2019Ail, T\u00e9l. :&nbsp;+ 33 (0)6 24 40 61 27 Aquazure est une SAS au capital de 500\u20ac RCS Nice 843&nbsp;760&nbsp;349 &#8211; Siret : 84376034900012 &#8211; APE : 4618Z N\u00b0 TVA intercommunautaire&nbsp;: FR02 843760349 Conditions d&#8217;utilisation Le site accessible par les url suivants : www.aquazure.fr [&hellip;]<\/p>\n","protected":false},"author":1,"featured_media":0,"parent":0,"menu_order":0,"comment_status":"closed","ping_status":"closed","template":"","meta":{"_acf_changed":false,"footnotes":""},"translation":{"provider":"WPGlobus","version":"3.0.0","language":"ru","enabled_languages":["en","es","de","fr","ru"],"languages":{"en":{"title":true,"content":true,"excerpt":false},"es":{"title":false,"content":false,"excerpt":false},"de":{"title":false,"content":false,"excerpt":false},"fr":{"title":false,"content":false,"excerpt":false},"ru":{"title":false,"content":false,"excerpt":false}}},"acf":[],"_links":{"self":[{"href":"https:\/\/aquazure.fr\/ru\/wp-json\/wp\/v2\/pages\/2763"}],"collection":[{"href":"https:\/\/aquazure.fr\/ru\/wp-json\/wp\/v2\/pages"}],"about":[{"href":"https:\/\/aquazure.fr\/ru\/wp-json\/wp\/v2\/types\/page"}],"author":[{"embeddable":true,"href":"https:\/\/aquazure.fr\/ru\/wp-json\/wp\/v2\/users\/1"}],"replies":[{"embeddable":true,"href":"https:\/\/aquazure.fr\/ru\/wp-json\/wp\/v2\/comments?post=2763"}],"version-history":[{"count":2,"href":"https:\/\/aquazure.fr\/ru\/wp-json\/wp\/v2\/pages\/2763\/revisions"}],"predecessor-version":[{"id":2772,"href":"https:\/\/aquazure.fr\/ru\/wp-json\/wp\/v2\/pages\/2763\/revisions\/2772"}],"wp:attachment":[{"href":"https:\/\/aquazure.fr\/ru\/wp-json\/wp\/v2\/media?parent=2763"}],"curies":[{"name":"wp","href":"https:\/\/api.w.org\/{rel}","templated":true}]}}