{"id":2773,"date":"2019-11-28T15:13:46","date_gmt":"2019-11-28T15:13:46","guid":{"rendered":"https:\/\/aquazure.fr\/?page_id=2773"},"modified":"2019-11-28T15:14:32","modified_gmt":"2019-11-28T15:14:32","slug":"cgv","status":"publish","type":"page","link":"https:\/\/aquazure.fr\/es\/cgv\/","title":{"rendered":"Conditions G\u00e9n\u00e9rales de ventes"},"content":{"rendered":"\n<p><strong>Pr\u00e9ambule\n: <\/strong>\n<\/p>\n\n\n\n<p>Les\npr\u00e9sentes Conditions G\u00e9n\u00e9rales ont pour objet de d\u00e9finir les\nconditions d\u2019utilisation du site Internet accessible \u00e0 l\u2019adresse\nwww.aquazure.fr. Ce Site propose \u00e0 ses utilisateurs d&#8217;acqu\u00e9rir des\nservices en ligne d\u2019interm\u00e9diaire pour la location des bateaux\n(charter).<\/p>\n\n\n\n<p><strong>Article\n1 \u2013 D\u00e9finitions<\/strong><\/p>\n\n\n\n<p>Les\ntermes et expressions vis\u00e9s ci-apr\u00e8s signifient, lorsqu&#8217;ils sont\npr\u00e9c\u00e9d\u00e9s d&#8217;une lettre majuscule, pour les besoins de\nl&#8217;interpr\u00e9tation et de l&#8217;ex\u00e9cution des pr\u00e9sentes :<\/p>\n\n\n\n<p>\n\u00ab\n<strong>Client<\/strong>\n\u00bb: d\u00e9signe toute personne physique ou morale ayant proc\u00e9d\u00e9 \u00e0 une\nCommande sur le Site, \n<\/p>\n\n\n\n<p>\u00ab<strong>Commande\n<\/strong>\u00bb:\nd\u00e9signe l\u2019accord du Client sur le Service et son prix, formalis\u00e9\n(i) de fa\u00e7on \u00e9lectronique sur le Site ou (ii) via l\u2019acceptation\npar \u00e9changes d\u2019emails entre SAS AQUAZURE et le Client du devis\nrelatif au(x) Service(s), \n<\/p>\n\n\n\n<p>\u00ab<strong>Conditions\nG\u00e9n\u00e9rales de Vente<\/strong>\u00bb\n: d\u00e9signent les Conditions G\u00e9n\u00e9rales de Vente ou \u00ab CGV\u00bb objet\ndes pr\u00e9sentes, ainsi que tout amendement, substitution, extension\nintervenu conform\u00e9ment aux termes et conditions des pr\u00e9sentes, \n<\/p>\n\n\n\n<p>\u00ab\n<strong>Contrat<\/strong>\n\u00bb: d\u00e9signe la Commande et les pr\u00e9sentes Conditions G\u00e9n\u00e9rales de\nVente, \n<\/p>\n\n\n\n<p>\u00ab\n<strong>Prix<\/strong>\n\u00bb: d\u00e9signe la valeur unitaire d&#8217;un Service ; cette valeur s&#8217;entend\ntoutes taxes comprises y compris les frais de d\u00e9placement du\nPrestataire,<\/p>\n\n\n\n<p>\n\u00ab\n<strong>AQUAZURE<\/strong>\u00bb:\nsoci\u00e9t\u00e9 \u00e9ditant le site Internet qui propose et assure,\ndirectement ou indirectement, la prestation des Services, \n<\/p>\n\n\n\n<p>\u00ab\n<strong>Services<\/strong>\n\u00bb: d\u00e9signent les services propos\u00e9s \u00e0 la vente sur le Site\nInternet. \n<\/p>\n\n\n\n<p>\u00ab\n<strong>Site<\/strong>\n\u00bb: d\u00e9signe le service \u00e9lectronique interactif \u00e9dit\u00e9 et exploit\u00e9\npar Aquazure, accessible \u00e0 l&#8217;adresse www.aquazure.fr (ou via les\nsites partenaires de AQUAZURE qui constituent ainsi des sous-domaines\ndudit service \u00e9lectronique), depuis lequel AQUAZURE propose l&#8217;acc\u00e8s\n\u00e0 des Services rendus par des Prestataires, \n<\/p>\n\n\n\n<p>\u00ab\n<strong>Vente\nen Ligne<\/strong>\n\u00bb: d\u00e9signe la commercialisation des Services propos\u00e9s par SAS\nAQUAZURE via le Site. Toute r\u00e9f\u00e9rence au singulier inclut le\npluriel et inversement.<\/p>\n\n\n\n<p><strong>Article\n2 \u2013 Objet et domaine d\u2019application des Conditions G\u00e9n\u00e9rales de\nVente <\/strong>\n<\/p>\n\n\n\n<p>Les\nConditions G\u00e9n\u00e9rales de Vente sont applicables \u00e0 l\u2019ensemble des\nServices propos\u00e9s par AQUAZURE sur le Site. \n<\/p>\n\n\n\n<p>Les\npr\u00e9sentes Conditions G\u00e9n\u00e9rales de Vente ont pour objet, d&#8217;une\npart, d&#8217;informer tout Client sur les conditions et modalit\u00e9s dans\nlesquelles AQUAZURE propose \u00e0 la vente des Services command\u00e9s via\nle Site et, d&#8217;autre part, de d\u00e9finir les droits et obligations des\nparties dans le cadre de la vente de Services sur le Site. \n<\/p>\n\n\n\n<p>Elles\ns\u2019appliquent \u00e0 toutes les locations des bateaux, ainsi qu\u2019\u00e0\ntoutes prestations connexes ou compl\u00e9mentaires.&nbsp;<\/p>\n\n\n\n<p>Le\nfait pour tout Client de commander un Service propos\u00e9 \u00e0 la vente\nsur le Site emporte l\u2019acceptation pleine et enti\u00e8re des pr\u00e9sentes\nConditions G\u00e9n\u00e9rales de Vente dont le Client reconna\u00eet\nexplicitement avoir pris connaissance pr\u00e9alablement \u00e0 la conclusion\nd\u2019une Commande. \n<\/p>\n\n\n\n<p><strong>Article\n3 \u2013 Prix <\/strong><strong>et\nla dur\u00e9e de l\u2019offre<\/strong><\/p>\n\n\n\n<p>\nLes\nprix de vente sont indiqu\u00e9s au Client en euros toutes taxes\ncomprises sont ceux en vigueur au jour de la signature du devis. Ils\nsont libell\u00e9s en euros et calcul\u00e9s hors taxes. Par voie de\ncons\u00e9quence, ils seront major\u00e9s du taux de TVA et des frais de\ntransport applicables au jour de la facturation. Les prix sont\nr\u00e9put\u00e9s valable trois mois sur la base du montant H.T.<\/p>\n\n\n\n<p>Toutes\nstipulations non mentionn\u00e9es sur le devis, ne pourront \u00eatre\ninvoqu\u00e9es par le Client que si elles sont confirm\u00e9es par AQUAZURE.<\/p>\n\n\n\n<p>Les\ntravaux non pr\u00e9vus au devis initial feront l\u2019objet de devis\nadditifs ou de bons de commandes s\u00e9par\u00e9s, indiquant les bases\nd\u2019estimation des prix, les conditions et, le cas \u00e9ch\u00e9ant, la\ndur\u00e9e de la prolongation du d\u00e9lai d\u2019ex\u00e9cution initialement\npr\u00e9vu. Aucune prestation suppl\u00e9mentaire au devis initial ne pourra\n\u00eatre mise en \u0153uvre sans l\u2019avenant d\u00fbment sign\u00e9 par le client.<\/p>\n\n\n\n<p>&nbsp;<strong>Article\n4 \u2013 <\/strong><strong>D\u00e9lais\nd\u2019Ex\u00e9cution<\/strong><\/p>\n\n\n\n<p>D\u00e8s\nl\u2019acceptation de notre devis, les d\u00e9lais d\u2019ex\u00e9cution et de\nlivraison seront donn\u00e9s \u00e0 titre indicatif. Le non-respect de\nceux-ci ne pourra \u00eatre invoqu\u00e9 comme clause d\u2019annulation de devis\nou donner droit \u00e0 une indemnit\u00e9 quelconque, sauf convention\nexpress.<\/p>\n\n\n\n<p>En\noutre, AQUAZURE est d\u00e9gag\u00e9e de plein droit de tout engagement\nrelatif aux d\u00e9lais d\u2019ex\u00e9cution et de livraison en cas de force\nmajeur ou d\u2019\u00e9v\u00e9nements graves tels que les intemp\u00e9ries.<\/p>\n\n\n\n<p><strong>Article\n5 \u2013 <\/strong><strong>Modalit\u00e9s\nde Paiement<\/strong><\/p>\n\n\n\n<p>Le\nr\u00e8glement s&#8217;effectue soit par ch\u00e8que, soit par virement, soir via\nsyst\u00e8me d\u2019encaissement par carte bancaire sur le site.<\/p>\n\n\n\n<p>Lors\nde l\u2019acceptation du devis, le client devra verser un acompte de 30%\ndu montant global de celui-ci, le solde devant \u00eatre pay\u00e9 \u00e0\nr\u00e9ception de facture.<\/p>\n\n\n\n<p>&nbsp;<strong>Article\n6 \u2013 <\/strong><strong>Retard\nde Paiement<\/strong><\/p>\n\n\n\n<p>En\ncas de d\u00e9faut de paiement total ou partiel des marchandises livr\u00e9es\nou des prestations effectu\u00e9es au jour de la r\u00e9ception, le Client\ndoit verser \u00e0 AQUAZURE une p\u00e9nalit\u00e9 de retard \u00e9gale \u00e0 trois fois\nle taux de l&#8217;int\u00e9r\u00eat l\u00e9gal. &nbsp;<br>\n<br>\nLe taux de l&#8217;int\u00e9r\u00eat\nl\u00e9gal retenu est celui en vigueur au jour de la r\u00e9ception de\nfacture.&nbsp;<\/p>\n\n\n\n<p><br>\nCette\np\u00e9nalit\u00e9 est calcul\u00e9e sur le montant TTC de la somme restant due,\net court \u00e0 compter de la date d&#8217;\u00e9ch\u00e9ance du prix sans qu&#8217;aucune\nmise en demeure pr\u00e9alable ne soit n\u00e9cessaire.<\/p>\n\n\n\n<p>En\nsus des indemnit\u00e9s de retard, toute somme, y compris l\u2019acompte,\nnon pay\u00e9e \u00e0 sa date d\u2019exigibilit\u00e9 produira de plein droit le\npaiement d\u2019une indemnit\u00e9 forfaitaire de 40 euros due au titre des\nfrais de recouvrement.<\/p>\n\n\n\n<p>Si\nAQUAZURE est dans l\u2019obligation de s\u2019adresser \u00e0 un mandataire\n(avocat, contentieux), pour obtenir le r\u00e8glement des sommes dues, il\nest express\u00e9ment convenu que le d\u00e9biteur, si celui-ci est un\nprofessionnel, devra lui verser \u00e0 titre de clause p\u00e9nale une\nindemnit\u00e9 forfaitaire fix\u00e9e \u00e0 15% du montant de la cr\u00e9ance\nprincipale.<\/p>\n\n\n\n<p><strong>Article\n7 \u2013 Ex\u00e9cution des Services : <\/strong>\n<\/p>\n\n\n\n<p>7.1.\nLe Client reconna\u00eet que SAS AQUAZURE ra satisfait \u00e0 son obligation\nd\u2019information, telle que figurant aux articles L. 111-1 et L. 113-3\ndu Code de la consommation, quant aux caract\u00e9ristiques essentielles\ndes services fournis, du navire, en regard des comp\u00e9tences d\u00e9clar\u00e9es\npar le locataire s\u2019agissant de l\u2019\u00e9quipage destin\u00e9 \u00e0 venir \u00e0\nbord et du type de navigation envisag\u00e9e.<\/p>\n\n\n\n<p>Les\nconditions d\u2019execution sont r\u00e9gi par le MYBA CHARTER AGREEMENT\n(contrat d\u2019affretement).<\/p>\n\n\n\n<p><strong>7.2\nImpossibilit\u00e9 totale ou partielle d\u2019ex\u00e9cution <\/strong>\n<\/p>\n\n\n\n<p>AQUAZURE\nd\u00e9cline toute responsabilit\u00e9 en cas de d\u00e9faut d\u2019ex\u00e9cution ou\nd\u2019ex\u00e9cution partielle du Service par le Prestataire du fait d\u2019une\nmauvaise description ne correspondant pas \u00e0 la r\u00e9alit\u00e9, \u00e0 raison,\nnotamment, du choix par le Client, d\u2019une Prestation non-adapt\u00e9e \u00e0\nses besoins. \n<\/p>\n\n\n\n<p>Dans\nde telles situations, AQUAZURE et le Client feront leurs meilleurs\nefforts pour trouver une solution \u00e0 l\u2019amiable, et ce dans les\nmeilleurs d\u00e9lais. \n<\/p>\n\n\n\n<p><strong>7.3\nConformit\u00e9 <\/strong>\n<\/p>\n\n\n\n<p>Si\nle Service command\u00e9 n\u2019est pas conforme \u00e0 la Commande, le Client\nest tenu de signaler les dommages, toutes r\u00e9clamations et r\u00e9serves\nvia le Proc\u00e8s Verbal de r\u00e9ception aupr\u00e8s de AQUAZURE apr\u00e8s\nl\u2019ex\u00e9cution du Service sous 48h00. \n<\/p>\n\n\n\n<p>Toute\nr\u00e9clamation enregistr\u00e9e dans ce d\u00e9lai fera l\u2019objet d\u2019un suivi\nde la part de AQUAZURE notamment bas\u00e9 sur une confrontation du\nClient et du Prestataire ayant r\u00e9alis\u00e9 les Prestations concern\u00e9es.\nUne r\u00e9clamation valid\u00e9e pourra donner lieu \u00e0 l\u2019ex\u00e9cution d\u2019un\nService \u00e9quivalent ou \u00e0 toute autre action jug\u00e9e n\u00e9cessaire par\nAQUAZURE afin de mettre fin \u00e0 toute \u00e9ventuelle r\u00e9clamation. \n<\/p>\n\n\n\n<p><strong>Article\n8 &#8211; Responsabilit\u00e9 <\/strong>\n<\/p>\n\n\n\n<p>AQUAZURE\nest tenue \u00e0 une obligation de moyen et non de r\u00e9sultat, sous\nr\u00e9serve de l\u2019application d\u2019une disposition imp\u00e9rative. La\nresponsabilit\u00e9 de AQUAZURE ne peut pas \u00eatre engag\u00e9e en cas\nd&#8217;inex\u00e9cution ou de mauvaise ex\u00e9cution du contrat due, soit au fait\ndu Client, soit au fait insurmontable et impr\u00e9visible d&#8217;un tiers au\nContrat, soit \u00e0 la force majeure. \n<\/p>\n\n\n\n<p>Le\nClient est seul responsable du respect et de la mise en \u0153uvre des\nconditions lui permettant de b\u00e9n\u00e9ficier de certains avantages\nfiscaux tels que notamment des r\u00e9ductions ou des cr\u00e9dits d\u2019imp\u00f4ts\nsur le revenu au titre des Services fournis par AQUAZURE et ouvrant\ndroit auxdits avantages. \n<\/p>\n\n\n\n<p>Les\nphotographies et illustrations accompagnant les Services sur le Site\nn\u2019ont pas de valeur contractuelle et ne sauraient donc engager la\nresponsabilit\u00e9 de AQUAZURE.<\/p>\n\n\n\n<p><strong>Article\n9 \u2013 <\/strong><strong>Clause\nR\u00e9solutoire<\/strong><\/p>\n\n\n\n<p>Si\ndans les quinze jours qui suivent la mise en \u0153uvre de la clause\n\u00ab&nbsp;Retard de paiement&nbsp;\u00bb, le client ne s&#8217;est pas acquitt\u00e9\ndes sommes restant dues, le litige sera port\u00e9 devant le Tribunal de\nla circonscription judiciaire de si\u00e8ge social de AQUAZURE.<\/p>\n\n\n\n<p><strong>Article\n10 \u2013 Droit de retraction<\/strong><\/p>\n\n\n\n<p>Conform\u00e9ment\naux normes \u00e9dict\u00e9es par la Loi Hamon, le Client en ligne dispose\nd\u2019un d\u00e9lai de r\u00e9tractation de 14 jours. En effet, le Client a la\npossibilit\u00e9 d\u2019exercer un droit de r\u00e9tractation sous 14 jours \u00e0\ncompter du jour ouvrable suivant la conclusion du contrat<\/p>\n\n\n\n<p>Pour\nse faire, il doit adresser une Lettre Recommand\u00e9e avec Accus\u00e9 de\nR\u00e9ception \u00e0 AQUAZURE.\nLe remboursement de la prestation interviendra dans un d\u00e9lai maximal\nde 14 jours \u00e0 compter de la date de la r\u00e9tractation. En cas de non\nremboursement dans les d\u00e9lais impartis, le AQUAZURE sera redevable\ndu paiement d\u2019int\u00e9r\u00eat de retard (int\u00e9r\u00eat \u00e0 taux l\u00e9gal).<\/p>\n\n\n\n<p>Toutefois,\nce d\u00e9lai de r\u00e9tractation n\u2019est pas applicable dans les situations\nsuivantes, ce qui devra \u00eatre express\u00e9ment mentionn\u00e9 dans les CGV :<\/p>\n\n\n\n<ul><li>\n\n\tL\u2019ex\u00e9cution\n\tdu service est finalis\u00e9e avant la fin du d\u00e9lai de 14 jours\n\t<\/li><li>\n\n\tLe\n\tprix du service d\u00e9pend des fluctuations du march\u00e9\n\t<\/li><li>\n\n\tEn\n\tcas de d\u00e9pannages \u00e0 domicile ou travaux\/r\u00e9paration d\u2019urgence\n\t(serrurier, artisan d\u00e9panneur\u2026)\n\t<\/li><li>\n\n\tPour\n\tquelques types de prestation : l\u2019activit\u00e9 r\u00e9serv\u00e9s par le\n\tClient \u00e0 une date pr\u00e9cise.\n<\/li><\/ul>\n\n\n\n<p><strong>Clause\nde R\u00e9serve de Propri\u00e9t\u00e9<\/strong><\/p>\n\n\n\n<p>AQUAZURE\nconserve la propri\u00e9t\u00e9 des biens vendus jusqu&#8217;au paiement int\u00e9gral\ndu prix, en principal et en accessoires. \u00c0 ce titre, si le client\nfait l&#8217;objet d&#8217;un redressement ou d&#8217;une liquidation judiciaire,\nAQUAZURE se r\u00e9serve le droit de revendiquer, dans le cadre de la\nproc\u00e9dure collective, les marchandises et prestations vendues et\nrest\u00e9es impay\u00e9es.<\/p>\n\n\n\n<p><strong>Article\n11 \u2013 <\/strong><strong>Force\nMajeure<\/strong><\/p>\n\n\n\n<p>La\nresponsabilit\u00e9 de AQUAZURE ne pourra pas \u00eatre mise en \u0153uvre si la\nnon-ex\u00e9cution ou le retard dans l&#8217;ex\u00e9cution de l&#8217;une de ses\nobligations d\u00e9crites dans les pr\u00e9sentes conditions g\u00e9n\u00e9rales de\nvente d\u00e9coule d&#8217;un cas de force majeure. \u00c0 ce titre, la force\nmajeure s&#8217;entend de tout \u00e9v\u00e9nement ext\u00e9rieur, impr\u00e9visible et\nirr\u00e9sistible au sens de l&#8217;article 1218 du Code civil.<\/p>\n\n\n\n<p><strong>Article\n12 \u2013 <\/strong><strong>Tribunal\nComp\u00e9tent<\/strong><\/p>\n\n\n\n<p>Tout\nlitige relatif \u00e0 l&#8217;interpr\u00e9tation et \u00e0 l&#8217;ex\u00e9cution des pr\u00e9sentes\nconditions g\u00e9n\u00e9rales de vente est soumis au droit fran\u00e7ais. \n<\/p>\n\n\n\n<p>\u00c0\nd\u00e9faut de r\u00e9solution amiable ou pour toutes contestations, il est\nattribu\u00e9 comp\u00e9tence aux tribunaux fran\u00e7ais.<\/p>\n\n\n\n<h2 class=\"wp-block-heading\">\nARTICLE\n13&nbsp;: R\u00e9clamations du consommateur<\/h2>\n\n\n\n<p>Toute\nr\u00e9clamation du consommateur est \u00e0 adresser par courrier postal \u00e0\nl&#8217;adresse mentionn\u00e9e ci-contre Le Port, 06320 Cap d\u2019Ail ou par\nvoie \u00e9lectronique \u00e0 <a href=\"mailto:info@aquazure.fr\">info@aquazure.fr<\/a>\n\n<\/p>\n\n\n\n<p>Co\u00fbt\nde la technique de communication \u00e0 distance : par mail &#8211; donc\ngratuit, par courrier \u2013 tarifs postaux.<\/p>\n\n\n\n<h2 class=\"wp-block-heading\">\nARTICLE\n14&nbsp;: Propri\u00e9t\u00e9 intellectuelle<\/h2>\n\n\n\n<p>Tous\nles commentaires, images, illustrations de notre site nous sont\nexclusivement r\u00e9serv\u00e9s. Au titre de la propri\u00e9t\u00e9 intellectuelle\net du droit d&#8217;auteur, toute utilisation est prohib\u00e9e sauf \u00e0 usage\npriv\u00e9.<\/p>\n\n\n\n<p>Sans\nautorisation pr\u00e9alable, toute reproduction de notre site, qu&#8217;elle\nsoit partielle ou totale, est strictement interdite.<\/p>\n\n\n\n<p><strong>Article\n15 \u2013 Donn\u00e9es \u00e0 caract\u00e8re personnel<\/strong><\/p>\n\n\n\n<p>Le\nsite assure au client une collecte et un traitement d&#8217;informations\npersonnelles dans le respect de la vie priv\u00e9e conform\u00e9ment \u00e0 la\nloi n\u00b078-17 du 6 janvier 1978 relative \u00e0 l&#8217;informatique, aux\nfichiers et aux libert\u00e9s.<\/p>\n\n\n\n<p>\nAQUAZURE\nse r\u00e9serve le droit de collecter les informations nominatives et les\ndonn\u00e9es personnelles vous concernant. Elles sont n\u00e9cessaires \u00e0 la\ngestion de votre commande, ainsi qu\u2019\u00e0 l\u2019am\u00e9lioration des\nservices et des informations que nous vous adressons.<br>\nElles\npeuvent aussi \u00eatre transmises aux soci\u00e9t\u00e9s qui contribuent \u00e0 ces\nrelations, telles que celles charg\u00e9es de l\u2019ex\u00e9cution des services\net commandes pour leur gestion, ex\u00e9cution, traitement et\npaiement.<br>\nCes informations et donn\u00e9es sont \u00e9galement\nconserv\u00e9es \u00e0 des fins de s\u00e9curit\u00e9, afin de respecter les\nobligations l\u00e9gales et r\u00e9glementaires.<br>\nConform\u00e9ment \u00e0 la loi\ndu 6 janvier 1978, vous disposez d\u2019un droit d\u2019acc\u00e8s, de\nrectification et d\u2019opposition aux informations nominatives et aux\ndonn\u00e9es personnelles vous concernant, directement sur le site\nInternet.<\/p>\n","protected":false},"excerpt":{"rendered":"<p>Pr\u00e9ambule : Les pr\u00e9sentes Conditions G\u00e9n\u00e9rales ont pour objet de d\u00e9finir les conditions d\u2019utilisation du site Internet accessible \u00e0 l\u2019adresse www.aquazure.fr. Ce Site propose \u00e0 ses utilisateurs d&#8217;acqu\u00e9rir des services en ligne d\u2019interm\u00e9diaire pour la location des bateaux (charter). Article 1 \u2013 D\u00e9finitions Les termes et expressions vis\u00e9s ci-apr\u00e8s signifient, lorsqu&#8217;ils sont pr\u00e9c\u00e9d\u00e9s d&#8217;une lettre [&hellip;]<\/p>\n","protected":false},"author":1,"featured_media":0,"parent":0,"menu_order":0,"comment_status":"closed","ping_status":"closed","template":"","meta":{"_acf_changed":false,"footnotes":""},"translation":{"provider":"WPGlobus","version":"3.0.0","language":"es","enabled_languages":["en","es","de","fr","ru"],"languages":{"en":{"title":true,"content":true,"excerpt":false},"es":{"title":false,"content":false,"excerpt":false},"de":{"title":false,"content":false,"excerpt":false},"fr":{"title":false,"content":false,"excerpt":false},"ru":{"title":false,"content":false,"excerpt":false}}},"acf":[],"_links":{"self":[{"href":"https:\/\/aquazure.fr\/es\/wp-json\/wp\/v2\/pages\/2773"}],"collection":[{"href":"https:\/\/aquazure.fr\/es\/wp-json\/wp\/v2\/pages"}],"about":[{"href":"https:\/\/aquazure.fr\/es\/wp-json\/wp\/v2\/types\/page"}],"author":[{"embeddable":true,"href":"https:\/\/aquazure.fr\/es\/wp-json\/wp\/v2\/users\/1"}],"replies":[{"embeddable":true,"href":"https:\/\/aquazure.fr\/es\/wp-json\/wp\/v2\/comments?post=2773"}],"version-history":[{"count":1,"href":"https:\/\/aquazure.fr\/es\/wp-json\/wp\/v2\/pages\/2773\/revisions"}],"predecessor-version":[{"id":2774,"href":"https:\/\/aquazure.fr\/es\/wp-json\/wp\/v2\/pages\/2773\/revisions\/2774"}],"wp:attachment":[{"href":"https:\/\/aquazure.fr\/es\/wp-json\/wp\/v2\/media?parent=2773"}],"curies":[{"name":"wp","href":"https:\/\/api.w.org\/{rel}","templated":true}]}}